{"id":2495,"date":"2025-08-12T12:46:30","date_gmt":"2025-08-12T10:46:30","guid":{"rendered":"http:\/\/localhost\/strona%20uno\/wordpress\/?page_id=2495"},"modified":"2025-09-07T21:39:26","modified_gmt":"2025-09-07T19:39:26","slug":"dystrybucja-fizyczna","status":"publish","type":"page","link":"https:\/\/unomusic.dfirma.pl\/?page_id=2495","title":{"rendered":"Dystrybucja fizyczna"},"content":{"rendered":"\t\t<div data-elementor-type=\"wp-page\" data-elementor-id=\"2495\" class=\"elementor elementor-2495\">\n\t\t\t\t<div class=\"elementor-element elementor-element-345d589 e-con-full e-flex e-con e-parent\" data-id=\"345d589\" data-element_type=\"container\" data-settings=\"{&quot;background_background&quot;:&quot;classic&quot;}\">\n\t\t<div class=\"elementor-element elementor-element-6882e62 e-flex e-con-boxed e-con e-child\" data-id=\"6882e62\" data-element_type=\"container\">\n\t\t\t\t\t<div class=\"e-con-inner\">\n\t\t\t\t<div class=\"elementor-element elementor-element-c88d744 elementor-widget elementor-widget-heading\" data-id=\"c88d744\" data-element_type=\"widget\" data-widget_type=\"heading.default\">\n\t\t\t\t\t<h2 class=\"elementor-heading-title elementor-size-default\"> Profesjonalne Wydanie P\u0142yt CD<\/h2>\t\t\t\t<\/div>\n\t\t\t\t<div class=\"elementor-element elementor-element-924d84e elementor-widget elementor-widget-heading\" data-id=\"924d84e\" data-element_type=\"widget\" data-widget_type=\"heading.default\">\n\t\t\t\t\t<h2 class=\"elementor-heading-title elementor-size-default\">Od projektu ok\u0142adki do gotowego produktu<\/h2>\t\t\t\t<\/div>\n\t\t\t\t<div class=\"elementor-element elementor-element-a3e4ae4 elementor-widget elementor-widget-text-editor\" data-id=\"a3e4ae4\" data-element_type=\"widget\" data-widget_type=\"text-editor.default\">\n\t\t\t\t\t\t\t\t\t<p>Tworzymy muzyczne historie od ponad 25 lat. Specjalizujemy si\u0119 w wydawaniu p\u0142yt z muzyk\u0105 ludow\u0105, weseln\u0105 i disco polo.<\/p>\t\t\t\t\t\t\t\t<\/div>\n\t\t<div class=\"elementor-element elementor-element-8f6add1 e-grid e-con-full e-con e-child\" data-id=\"8f6add1\" data-element_type=\"container\">\n\t\t\t\t<div class=\"elementor-element elementor-element-1d96c0f elementor-align-right elementor-mobile-align-center elementor-widget elementor-widget-button\" data-id=\"1d96c0f\" data-element_type=\"widget\" data-widget_type=\"button.default\">\n\t\t\t\t\t\t\t\t\t\t<a class=\"elementor-button elementor-button-link elementor-size-sm\" href=\"#\">\n\t\t\t\t\t\t<span class=\"elementor-button-content-wrapper\">\n\t\t\t\t\t\t\t\t\t<span class=\"elementor-button-text\">   Kontakt     <\/span>\n\t\t\t\t\t<\/span>\n\t\t\t\t\t<\/a>\n\t\t\t\t\t\t\t\t<\/div>\n\t\t\t\t<div class=\"elementor-element elementor-element-4a9c772 elementor-align-left elementor-mobile-align-center elementor-widget elementor-widget-button\" data-id=\"4a9c772\" data-element_type=\"widget\" data-widget_type=\"button.default\">\n\t\t\t\t\t\t\t\t\t\t<a class=\"elementor-button elementor-button-link elementor-size-sm\" href=\"#\" id=\"info\">\n\t\t\t\t\t\t<span class=\"elementor-button-content-wrapper\">\n\t\t\t\t\t\t\t\t\t<span class=\"elementor-button-text\">Zobacz proces<\/span>\n\t\t\t\t\t<\/span>\n\t\t\t\t\t<\/a>\n\t\t\t\t\t\t\t\t<\/div>\n\t\t\t\t<\/div>\n\t\t\t\t\t<\/div>\n\t\t\t\t<\/div>\n\t\t\t\t<\/div>\n\t\t<div class=\"elementor-element elementor-element-3f31dbe e-flex e-con-boxed e-con e-parent\" data-id=\"3f31dbe\" data-element_type=\"container\">\n\t\t\t\t\t<div class=\"e-con-inner\">\n\t\t\t\t<div class=\"elementor-element elementor-element-8fc5846 elementor-view-default elementor-invisible elementor-widget elementor-widget-icon\" data-id=\"8fc5846\" data-element_type=\"widget\" data-settings=\"{&quot;_animation&quot;:&quot;rollIn&quot;}\" data-widget_type=\"icon.default\">\n\t\t\t\t\t\t\t<div class=\"elementor-icon-wrapper\">\n\t\t\t<div class=\"elementor-icon\">\n\t\t\t<svg aria-hidden=\"true\" class=\"e-font-icon-svg e-fas-compact-disc\" viewBox=\"0 0 496 512\" xmlns=\"http:\/\/www.w3.org\/2000\/svg\"><path d=\"M248 8C111 8 0 119 0 256s111 248 248 248 248-111 248-248S385 8 248 8zM88 256H56c0-105.9 86.1-192 192-192v32c-88.2 0-160 71.8-160 160zm160 96c-53 0-96-43-96-96s43-96 96-96 96 43 96 96-43 96-96 96zm0-128c-17.7 0-32 14.3-32 32s14.3 32 32 32 32-14.3 32-32-14.3-32-32-32z\"><\/path><\/svg>\t\t\t<\/div>\n\t\t<\/div>\n\t\t\t\t\t\t<\/div>\n\t\t\t\t\t<\/div>\n\t\t\t\t<\/div>\n\t\t<div class=\"elementor-element elementor-element-99edd02 e-flex e-con-boxed e-con e-parent\" data-id=\"99edd02\" data-element_type=\"container\" data-settings=\"{&quot;background_background&quot;:&quot;classic&quot;}\">\n\t\t\t\t\t<div class=\"e-con-inner\">\n\t\t<div class=\"elementor-element elementor-element-99c9bce e-flex e-con-boxed e-con e-child\" data-id=\"99c9bce\" data-element_type=\"container\">\n\t\t\t\t\t<div class=\"e-con-inner\">\n\t\t\t\t<div class=\"elementor-element elementor-element-46add49 elementor-widget elementor-widget-wp-widget-custom_html\" data-id=\"46add49\" data-element_type=\"widget\" data-widget_type=\"wp-widget-custom_html.default\">\n\t\t\t\t<div class=\"elementor-widget-container\">\n\t\t\t\t\t<div class=\"textwidget custom-html-widget\"><div class=\"uno-stats-section\">\r\n    <div class=\"uno-stats-container\">\r\n        <div class=\"uno-stat-card\">\r\n            <div class=\"uno-stat-icon\">\r\n                \ud83c\udfc6\r\n            <\/div>\r\n            <div class=\"uno-stat-number\">+30<\/div>\r\n            <div class=\"uno-stat-label\">LAT DO\u015aWIADCZENIA<\/div>\r\n        <\/div>\r\n        \r\n        <div class=\"uno-stat-card\">\r\n            <div class=\"uno-stat-icon\">\r\n                \ud83d\udcbf\r\n            <\/div>\r\n            <div class=\"uno-stat-number\">+200<\/div>\r\n            <div class=\"uno-stat-label\">WYDANYCH P\u0141YT<\/div>\r\n        <\/div>\r\n        \r\n        <div class=\"uno-stat-card\">\r\n            <div class=\"uno-stat-icon\">\r\n                \ud83c\udfb5\r\n            <\/div>\r\n            <div class=\"uno-stat-number\">+50<\/div>\r\n            <div class=\"uno-stat-label\">ZADOWOLONYCH<br>ARTYST\u00d3W<\/div>\r\n        <\/div>\r\n    <\/div>\r\n<\/div>\r\n<\/div>\t\t\t\t<\/div>\n\t\t\t\t<\/div>\n\t\t\t\t\t<\/div>\n\t\t\t\t<\/div>\n\t\t\t\t\t<\/div>\n\t\t\t\t<\/div>\n\t\t<div class=\"elementor-element elementor-element-91120f5 e-con-full e-flex e-con e-parent\" data-id=\"91120f5\" data-element_type=\"container\">\n\t\t<div class=\"elementor-element elementor-element-1a3f734 e-con-full e-flex e-con e-child\" data-id=\"1a3f734\" data-element_type=\"container\">\n\t\t\t\t<div class=\"elementor-element elementor-element-1e6f2bd animated-slow elementor-invisible elementor-widget elementor-widget-image\" data-id=\"1e6f2bd\" data-element_type=\"widget\" data-settings=\"{&quot;_animation&quot;:&quot;fadeIn&quot;,&quot;_animation_delay&quot;:0}\" data-widget_type=\"image.default\">\n\t\t\t\t\t\t\t\t\t\t\t\t\t\t\t<img fetchpriority=\"high\" decoding=\"async\" width=\"1024\" height=\"446\" src=\"https:\/\/unomusic.dfirma.pl\/wp-content\/uploads\/2025\/08\/hjh.jpg\" class=\"attachment-large size-large wp-image-635\" alt=\"\" srcset=\"https:\/\/unomusic.dfirma.pl\/wp-content\/uploads\/2025\/08\/hjh.jpg 2551w, https:\/\/unomusic.dfirma.pl\/wp-content\/uploads\/2025\/08\/hjh-600x262.jpg 600w\" sizes=\"(max-width: 1024px) 100vw, 1024px\" \/>\t\t\t\t\t\t\t\t\t\t\t\t\t\t\t<\/div>\n\t\t\t\t<\/div>\n\t\t\t\t<div class=\"elementor-element elementor-element-b91d164 elementor-widget elementor-widget-wp-widget-custom_html\" data-id=\"b91d164\" data-element_type=\"widget\" id=\"info\" data-widget_type=\"wp-widget-custom_html.default\">\n\t\t\t\t<div class=\"elementor-widget-container\">\n\t\t\t\t\t<div class=\"textwidget custom-html-widget\"><div class=\"uno-process-section\">\r\n    <div class=\"uno-process-container\">\r\n        <!-- Header -->\r\n        <div class=\"uno-process-header\">\r\n            <h2 class=\"uno-process-title\">Proces Wydania P\u0142yty<\/h2>\r\n            <div class=\"uno-process-underline\"><\/div>\r\n            <p class=\"uno-process-subtitle\">Krok po kroku jak wygl\u0105da nasza wsp\u00f3\u0142praca<\/p>\r\n        <\/div>\r\n\r\n        <!-- Timeline -->\r\n        <div class=\"uno-timeline\">\r\n            <!-- Step 1 -->\r\n            <div class=\"uno-timeline-item\">\r\n                <div class=\"uno-timeline-marker\">\r\n                    <span class=\"uno-step-number\">1<\/span>\r\n                <\/div>\r\n                <div class=\"uno-timeline-content\">\r\n                    <h3 class=\"uno-step-title\">Nades\u0142anie materia\u0142u<\/h3>\r\n                    <p class=\"uno-step-description\">Przysy\u0142asz nam nagrania i swoje pomys\u0142y na ok\u0142adk\u0119<\/p>\r\n                <\/div>\r\n            <\/div>\r\n\r\n            <!-- Step 2 -->\r\n            <div class=\"uno-timeline-item\">\r\n                <div class=\"uno-timeline-marker\">\r\n                    <span class=\"uno-step-number\">2<\/span>\r\n                <\/div>\r\n                <div class=\"uno-timeline-content\">\r\n                    <h3 class=\"uno-step-title\">Mastering i projekt<\/h3>\r\n                    <p class=\"uno-step-description\">Przygotowujemy mastering audio i projekty graficzne<\/p>\r\n                <\/div>\r\n            <\/div>\r\n\r\n            <!-- Step 3 -->\r\n            <div class=\"uno-timeline-item\">\r\n                <div class=\"uno-timeline-marker\">\r\n                    <span class=\"uno-step-number\">3<\/span>\r\n                <\/div>\r\n                <div class=\"uno-timeline-content\">\r\n                    <h3 class=\"uno-step-title\">Akceptacja<\/h3>\r\n                    <p class=\"uno-step-description\">Przedstawiamy pr\u00f3bki do akceptacji<\/p>\r\n                <\/div>\r\n            <\/div>\r\n\r\n            <!-- Step 4 -->\r\n            <div class=\"uno-timeline-item\">\r\n                <div class=\"uno-timeline-marker\">\r\n                    <span class=\"uno-step-number\">4<\/span>\r\n                <\/div>\r\n                <div class=\"uno-timeline-content\">\r\n                    <h3 class=\"uno-step-title\">Produkcja<\/h3>\r\n                    <p class=\"uno-step-description\">Realizujemy produkcj\u0119 p\u0142yt CD w wybranym nak\u0142adzie<\/p>\r\n                <\/div>\r\n            <\/div>\r\n\r\n            <!-- Step 5 -->\r\n            <div class=\"uno-timeline-item\">\r\n                <div class=\"uno-timeline-marker\">\r\n                    <span class=\"uno-step-number\">5<\/span>\r\n                <\/div>\r\n                <div class=\"uno-timeline-content\">\r\n                    <h3 class=\"uno-step-title\">Dostawa<\/h3>\r\n                    <p class=\"uno-step-description\">Dostarczamy gotowe p\u0142yty oraz rozpoczynamy dystrybucj\u0119<\/p>\r\n                <\/div>\r\n            <\/div>\r\n        <\/div>\r\n    <\/div>\r\n<\/div>\r\n<\/div>\t\t\t\t<\/div>\n\t\t\t\t<\/div>\n\t\t\t\t<\/div>\n\t\t<div class=\"elementor-element elementor-element-a9eb48a e-flex e-con-boxed e-con e-parent\" data-id=\"a9eb48a\" data-element_type=\"container\">\n\t\t\t\t\t<div class=\"e-con-inner\">\n\t\t<div class=\"elementor-element elementor-element-4ba2c8a e-grid e-con-full e-con e-child\" data-id=\"4ba2c8a\" data-element_type=\"container\">\n\t\t<div class=\"elementor-element elementor-element-a0f040c e-con-full e-flex e-con e-child\" data-id=\"a0f040c\" data-element_type=\"container\">\n\t\t\t\t<div class=\"elementor-element elementor-element-b72018b elementor-widget elementor-widget-text-editor\" data-id=\"b72018b\" data-element_type=\"widget\" data-widget_type=\"text-editor.default\">\n\t\t\t\t\t\t\t\t\t<div class=\"VoqD8\"><p class=\"eYSAde\">Informacje kontaktowe<\/p><\/div>\t\t\t\t\t\t\t\t<\/div>\n\t\t\t\t<div class=\"elementor-element elementor-element-9428a90 elementor-widget elementor-widget-heading\" data-id=\"9428a90\" data-element_type=\"widget\" data-widget_type=\"heading.default\">\n\t\t\t\t\t<h2 class=\"elementor-heading-title elementor-size-default\">Email:<\/h2>\t\t\t\t<\/div>\n\t\t\t\t<div class=\"elementor-element elementor-element-83492d4 elementor-widget__width-inherit elementor-widget elementor-widget-text-editor\" data-id=\"83492d4\" data-element_type=\"widget\" data-widget_type=\"text-editor.default\">\n\t\t\t\t\t\t\t\t\t<div class=\"VoqD8\"><div class=\"eYSAde\">shopunomusic@gmail.com<\/div><\/div>\t\t\t\t\t\t\t\t<\/div>\n\t\t\t\t<div class=\"elementor-element elementor-element-343de84 elementor-widget elementor-widget-heading\" data-id=\"343de84\" data-element_type=\"widget\" data-widget_type=\"heading.default\">\n\t\t\t\t\t<h2 class=\"elementor-heading-title elementor-size-default\">Telefon:<\/h2>\t\t\t\t<\/div>\n\t\t\t\t<div class=\"elementor-element elementor-element-2355652 elementor-widget__width-inherit elementor-widget elementor-widget-text-editor\" data-id=\"2355652\" data-element_type=\"widget\" data-widget_type=\"text-editor.default\">\n\t\t\t\t\t\t\t\t\t<div class=\"VoqD8\"><div class=\"eYSAde\">661991222<\/div><\/div>\t\t\t\t\t\t\t\t<\/div>\n\t\t\t\t<\/div>\n\t\t\t\t<div class=\"elementor-element elementor-element-6508c2e elementor-widget elementor-widget-wpforms\" data-id=\"6508c2e\" data-element_type=\"widget\" data-widget_type=\"wpforms.default\">\n\t\t\t\t<div class=\"elementor-widget-container\">\n\t\t\t\t\t<div class=\"wpforms-container wpforms-render-modern\" id=\"wpforms-2834\"><form id=\"wpforms-form-2834\" class=\"wpforms-validate wpforms-form wpforms-ajax-form\" data-formid=\"2834\" method=\"post\" enctype=\"multipart\/form-data\" action=\"\/index.php?rest_route=%2Fwp%2Fv2%2Fpages%2F2495\" data-token=\"de080680de4e5ab576ecff5b0451eee1\" data-token-time=\"1776240401\"><noscript class=\"wpforms-error-noscript\">Aby wype\u0142ni\u0107 ten formularz, w\u0142\u0105cz obs\u0142ug\u0119 JavaScript w przegl\u0105darce.<\/noscript><div id=\"wpforms-error-noscript\" style=\"display: none;\">Aby wype\u0142ni\u0107 ten formularz, w\u0142\u0105cz obs\u0142ug\u0119 JavaScript w przegl\u0105darce.<\/div><div class=\"wpforms-field-container\"><div id=\"wpforms-2834-field_1-container\" class=\"wpforms-field wpforms-field-name\" data-field-id=\"1\"><label class=\"wpforms-field-label\" for=\"wpforms-2834-field_1\">Imi\u0119 i nazwisko <span class=\"wpforms-required-label\" aria-hidden=\"true\">*<\/span><\/label><input type=\"text\" id=\"wpforms-2834-field_1\" class=\"wpforms-field-large wpforms-field-required\" name=\"wpforms[fields][1]\" aria-errormessage=\"wpforms-2834-field_1-error\" required><\/div>\t\t<div id=\"wpforms-2834-field_4-container\"\n\t\t\tclass=\"wpforms-field wpforms-field-text\"\n\t\t\tdata-field-type=\"text\"\n\t\t\tdata-field-id=\"4\"\n\t\t\t>\n\t\t\t<label class=\"wpforms-field-label\" for=\"wpforms-2834-field_4\" >e-mail Imi\u0119 Adres<\/label>\n\t\t\t<input type=\"text\" id=\"wpforms-2834-field_4\" class=\"wpforms-field-medium\" name=\"wpforms[fields][4]\" >\n\t\t<\/div>\n\t\t<div id=\"wpforms-2834-field_2-container\" class=\"wpforms-field wpforms-field-email\" data-field-id=\"2\"><label class=\"wpforms-field-label\" for=\"wpforms-2834-field_2\">Adres e-mail <span class=\"wpforms-required-label\" aria-hidden=\"true\">*<\/span><\/label><input type=\"email\" id=\"wpforms-2834-field_2\" class=\"wpforms-field-large wpforms-field-required\" name=\"wpforms[fields][2]\" spellcheck=\"false\" aria-errormessage=\"wpforms-2834-field_2-error\" required><\/div><div id=\"wpforms-2834-field_3-container\" class=\"wpforms-field wpforms-field-textarea\" data-field-id=\"3\"><label class=\"wpforms-field-label\" for=\"wpforms-2834-field_3\">Komentarz lub wiadomo\u015b\u0107<\/label><textarea id=\"wpforms-2834-field_3\" class=\"wpforms-field-medium\" name=\"wpforms[fields][3]\" aria-errormessage=\"wpforms-2834-field_3-error\" ><\/textarea><\/div><script>\n\t\t\t\t( function() {\n\t\t\t\t\tconst style = document.createElement( 'style' );\n\t\t\t\t\tstyle.appendChild( document.createTextNode( '#wpforms-2834-field_4-container { position: absolute !important; overflow: hidden !important; display: inline !important; height: 1px !important; width: 1px !important; z-index: -1000 !important; padding: 0 !important; } #wpforms-2834-field_4-container input { visibility: hidden; } #wpforms-conversational-form-page #wpforms-2834-field_4-container label { counter-increment: none; }' ) );\n\t\t\t\t\tdocument.head.appendChild( style );\n\t\t\t\t\tdocument.currentScript?.remove();\n\t\t\t\t} )();\n\t\t\t<\/script><\/div><!-- .wpforms-field-container --><div class=\"wpforms-submit-container\" ><input type=\"hidden\" name=\"wpforms[id]\" value=\"2834\"><input type=\"hidden\" name=\"page_title\" value=\"\"><input type=\"hidden\" name=\"page_url\" value=\"https:\/\/unomusic.dfirma.pl\/index.php?rest_route=\/wp\/v2\/pages\/2495\"><input type=\"hidden\" name=\"url_referer\" value=\"\"><button type=\"submit\" name=\"wpforms[submit]\" id=\"wpforms-submit-2834\" class=\"wpforms-submit\" data-alt-text=\"Wysy\u0142anie...\" data-submit-text=\"Prze\u015blij\" aria-live=\"assertive\" value=\"wpforms-submit\">Prze\u015blij<\/button><img decoding=\"async\" src=\"https:\/\/unomusic.dfirma.pl\/wp-content\/plugins\/wpforms-lite\/assets\/images\/submit-spin.svg\" class=\"wpforms-submit-spinner\" style=\"display: none;\" width=\"26\" height=\"26\" alt=\"Wczytywanie\"><\/div><\/form><\/div>  <!-- .wpforms-container -->\t\t\t\t<\/div>\n\t\t\t\t<\/div>\n\t\t\t\t<\/div>\n\t\t\t\t\t<\/div>\n\t\t\t\t<\/div>\n\t\t<div class=\"elementor-element elementor-element-9f184fe e-flex e-con-boxed e-con e-parent\" data-id=\"9f184fe\" data-element_type=\"container\">\n\t\t\t\t\t<div class=\"e-con-inner\">\n\t\t\t\t<div class=\"elementor-element elementor-element-17e495d elementor-widget elementor-widget-wp-widget-custom_html\" data-id=\"17e495d\" data-element_type=\"widget\" data-widget_type=\"wp-widget-custom_html.default\">\n\t\t\t\t<div class=\"elementor-widget-container\">\n\t\t\t\t\t<div class=\"textwidget custom-html-widget\"><div class=\"floating-notes\">\r\n  <div class=\"note\">\u266a<\/div>\r\n  <div class=\"note\">\u266b<\/div>\r\n  <div class=\"note\">\u266c<\/div>\r\n  <div class=\"note\">\u2669<\/div>\r\n  <div class=\"note\">\u266a<\/div>\r\n  <div class=\"note\">\u266b<\/div>\r\n  <div class=\"note\">\u266c<\/div>\r\n<\/div>\r\n\r\n\r\n  document.addEventListener('DOMContentLoaded', () =&gt; {\r\n    const notes = document.querySelectorAll('.floating-notes .note');\r\n    const durations = [16,20,14,18,22,12,24]; \/\/ czasy w sekundach\r\n    notes.forEach((note, i) =&gt; {\r\n      \/\/ losowa pozycja pozioma\r\n      note.style.left = (10 + i*15) + 'vw';\r\n      \/\/ dobierz losowy ujemny delay w po\u0142owie czasu trwania animacji\r\n      const d = durations[i];\r\n      note.style.animation = `floatUp ${d}s linear infinite`;\r\n      note.style.animationDelay = `-${Math.random() * d}s`;\r\n      \/\/ rozmiar ka\u017cdy nieco inny\r\n      note.style.fontSize = (1.8 + (i % 3)*0.2) + 'rem';\r\n    });\r\n  });\r\n\r\n<\/div>\t\t\t\t<\/div>\n\t\t\t\t<\/div>\n\t\t\t\t\t<\/div>\n\t\t\t\t<\/div>\n\t\t\t\t<\/div>\n\t\t","protected":false},"excerpt":{"rendered":"<p>Profesjonalne Wydanie P\u0142yt CD Od projektu ok\u0142adki do gotowego produktu Tworzymy muzyczne historie od ponad 25 lat. Specjalizujemy si\u0119 w wydawaniu p\u0142yt z muzyk\u0105 ludow\u0105, weseln\u0105 i disco polo. Kontakt Zobacz proces Informacje kontaktowe Email: shopunomusic@gmail.com Telefon: 661991222 Aby wype\u0142ni\u0107 ten formularz, w\u0142\u0105cz obs\u0142ug\u0119 JavaScript w przegl\u0105darce.Aby wype\u0142ni\u0107 ten formularz, w\u0142\u0105cz obs\u0142ug\u0119 JavaScript w przegl\u0105darce.Imi\u0119 [&hellip;]<\/p>\n","protected":false},"author":1,"featured_media":0,"parent":0,"menu_order":0,"comment_status":"closed","ping_status":"closed","template":"","meta":{"_acf_changed":false,"footnotes":""},"class_list":["post-2495","page","type-page","status-publish","hentry"],"blocksy_meta":[],"acf":[],"jetpack_sharing_enabled":true,"_links":{"self":[{"href":"https:\/\/unomusic.dfirma.pl\/index.php?rest_route=\/wp\/v2\/pages\/2495","targetHints":{"allow":["GET"]}}],"collection":[{"href":"https:\/\/unomusic.dfirma.pl\/index.php?rest_route=\/wp\/v2\/pages"}],"about":[{"href":"https:\/\/unomusic.dfirma.pl\/index.php?rest_route=\/wp\/v2\/types\/page"}],"author":[{"embeddable":true,"href":"https:\/\/unomusic.dfirma.pl\/index.php?rest_route=\/wp\/v2\/users\/1"}],"replies":[{"embeddable":true,"href":"https:\/\/unomusic.dfirma.pl\/index.php?rest_route=%2Fwp%2Fv2%2Fcomments&post=2495"}],"version-history":[{"count":97,"href":"https:\/\/unomusic.dfirma.pl\/index.php?rest_route=\/wp\/v2\/pages\/2495\/revisions"}],"predecessor-version":[{"id":3744,"href":"https:\/\/unomusic.dfirma.pl\/index.php?rest_route=\/wp\/v2\/pages\/2495\/revisions\/3744"}],"wp:attachment":[{"href":"https:\/\/unomusic.dfirma.pl\/index.php?rest_route=%2Fwp%2Fv2%2Fmedia&parent=2495"}],"curies":[{"name":"wp","href":"https:\/\/api.w.org\/{rel}","templated":true}]}}